{"id":755,"date":"2022-03-02T14:46:36","date_gmt":"2022-03-02T14:46:36","guid":{"rendered":"https:\/\/dstockstore.fr\/?post_type=product&#038;p=755"},"modified":"2024-05-14T06:46:54","modified_gmt":"2024-05-14T06:46:54","slug":"siege-avant-clio-4-gt-line","status":"publish","type":"product","link":"https:\/\/dstockstore.fr\/?product=siege-avant-clio-4-gt-line","title":{"rendered":"Siege avant Clio 4 gt line"},"content":{"rendered":"<p>Si\u00e8ge avant <a href=\"https:\/\/www.renault.fr\/\">Renault<\/a> clio 4 gt line avant droite et gauche.<\/p>\n<p><a href=\"https:\/\/dstockstore.fr\/\">DstockStore<\/a> vous proposons ces beaux si\u00e8ges de la s\u00e9rie GT line.<\/p>\n<p>L&rsquo;offre est compos\u00e9 d&rsquo;un si\u00e8ge droit et d&rsquo;un si\u00e8ge gauche avec appuie t\u00eate.<\/p>\n<p>Tra\u00e7abilit\u00e9 de nos produits 100% v\u00e9rifier.<\/p>\n<p>Une livraison est possible sur la r\u00e9gion parisiennes et sur toutes la France via transporteur.<\/p>\n<p>\u00ab\u00a0Facture possible\u00a0\u00bb Mat\u00e9riel neuf jamais utilis\u00e9e.<\/p>\n<p>LIVRAISON OFFERTE DANS TOUTE LE FRANCE.<\/p>\n","protected":false},"excerpt":{"rendered":"<p>Si\u00e8ge avant Renault clio 4 gt line avant droite et gauche. DstockStore vous proposons ces beaux si\u00e8ges de la s\u00e9rie GT line. L&rsquo;offre est compos\u00e9 d&rsquo;un si\u00e8ge droit et d&rsquo;un si\u00e8ge gauche avec appuie t\u00eate. Tra\u00e7abilit\u00e9 de nos produits 100% v\u00e9rifier. Une livraison est possible sur la r\u00e9gion parisiennes et sur toutes la France via&#8230;<\/p>\n","protected":false},"featured_media":759,"comment_status":"open","ping_status":"closed","template":"","meta":{"_kad_post_transparent":"default","_kad_post_title":"","_kad_post_layout":"default","_kad_post_sidebar_id":"","_kad_post_content_style":"default","_kad_post_vertical_padding":"default","_kad_post_feature":"","_kad_post_feature_position":"","_kad_post_header":false,"_kad_post_footer":false},"product_cat":[15],"product_tag":[],"yoast_head":"<!-- This site is optimized with the Yoast SEO plugin v19.10 - https:\/\/yoast.com\/wordpress\/plugins\/seo\/ -->\n<title>Siege avant Clio 4 gt line - Dstockstore<\/title>\n<meta name=\"description\" content=\"Le kit de si\u00e8ge avant clio 4 est compos\u00e9 d&#039;un si\u00e8ge droit et d&#039;un si\u00e8ge gauche avec appuie t\u00eate. Profit\u00e9 de notre livraison offerte.\" \/>\n<meta name=\"robots\" content=\"index, follow, max-snippet:-1, max-image-preview:large, max-video-preview:-1\" \/>\n<link rel=\"canonical\" href=\"https:\/\/dstockstore.fr\/?product=siege-avant-clio-4-gt-line\" \/>\n<meta property=\"og:locale\" content=\"fr_FR\" \/>\n<meta property=\"og:type\" content=\"article\" \/>\n<meta property=\"og:title\" content=\"Siege avant Clio 4 gt line - Dstockstore\" \/>\n<meta property=\"og:description\" content=\"Le kit de si\u00e8ge avant clio 4 est compos\u00e9 d&#039;un si\u00e8ge droit et d&#039;un si\u00e8ge gauche avec appuie t\u00eate. Profit\u00e9 de notre livraison offerte.\" \/>\n<meta property=\"og:url\" content=\"https:\/\/dstockstore.fr\/?product=siege-avant-clio-4-gt-line\" \/>\n<meta property=\"og:site_name\" content=\"Dstockstore\" \/>\n<meta property=\"article:modified_time\" content=\"2024-05-14T06:46:54+00:00\" \/>\n<meta property=\"og:image\" content=\"https:\/\/dstockstore.fr\/wp-content\/uploads\/2022\/03\/WhatsApp-Image-2022-03-01-at-22.23.571.jpeg\" \/>\n\t<meta property=\"og:image:width\" content=\"1440\" \/>\n\t<meta property=\"og:image:height\" content=\"1920\" \/>\n\t<meta property=\"og:image:type\" content=\"image\/jpeg\" \/>\n<meta name=\"twitter:card\" content=\"summary_large_image\" \/>\n<script type=\"application\/ld+json\" class=\"yoast-schema-graph\">{\"@context\":\"https:\/\/schema.org\",\"@graph\":[{\"@type\":\"WebPage\",\"@id\":\"https:\/\/dstockstore.fr\/?product=siege-avant-clio-4-gt-line\",\"url\":\"https:\/\/dstockstore.fr\/?product=siege-avant-clio-4-gt-line\",\"name\":\"Siege avant Clio 4 gt line - Dstockstore\",\"isPartOf\":{\"@id\":\"https:\/\/dstockstore.fr\/#website\"},\"datePublished\":\"2022-03-02T14:46:36+00:00\",\"dateModified\":\"2024-05-14T06:46:54+00:00\",\"description\":\"Le kit de si\u00e8ge avant clio 4 est compos\u00e9 d'un si\u00e8ge droit et d'un si\u00e8ge gauche avec appuie t\u00eate. Profit\u00e9 de notre livraison offerte.\",\"breadcrumb\":{\"@id\":\"https:\/\/dstockstore.fr\/?product=siege-avant-clio-4-gt-line#breadcrumb\"},\"inLanguage\":\"fr-FR\",\"potentialAction\":[{\"@type\":\"ReadAction\",\"target\":[\"https:\/\/dstockstore.fr\/?product=siege-avant-clio-4-gt-line\"]}]},{\"@type\":\"BreadcrumbList\",\"@id\":\"https:\/\/dstockstore.fr\/?product=siege-avant-clio-4-gt-line#breadcrumb\",\"itemListElement\":[{\"@type\":\"ListItem\",\"position\":1,\"name\":\"Home\",\"item\":\"https:\/\/dstockstore.fr\/\"},{\"@type\":\"ListItem\",\"position\":2,\"name\":\"Contact Us\",\"item\":\"https:\/\/dstockstore.fr\/?p=11\"},{\"@type\":\"ListItem\",\"position\":3,\"name\":\"Siege avant Clio 4 gt line\"}]},{\"@type\":\"WebSite\",\"@id\":\"https:\/\/dstockstore.fr\/#website\",\"url\":\"https:\/\/dstockstore.fr\/\",\"name\":\"Dstockstore\",\"description\":\"\",\"publisher\":{\"@id\":\"https:\/\/dstockstore.fr\/#organization\"},\"potentialAction\":[{\"@type\":\"SearchAction\",\"target\":{\"@type\":\"EntryPoint\",\"urlTemplate\":\"https:\/\/dstockstore.fr\/?s={search_term_string}\"},\"query-input\":\"required name=search_term_string\"}],\"inLanguage\":\"fr-FR\"},{\"@type\":\"Organization\",\"@id\":\"https:\/\/dstockstore.fr\/#organization\",\"name\":\"Dstockstore\",\"url\":\"https:\/\/dstockstore.fr\/\",\"logo\":{\"@type\":\"ImageObject\",\"inLanguage\":\"fr-FR\",\"@id\":\"https:\/\/dstockstore.fr\/#\/schema\/logo\/image\/\",\"url\":\"https:\/\/dstockstore.fr\/wp-content\/uploads\/2022\/02\/cropped-cropped-cropped-Capture_d_e\u0301cran_2022-02-16_a\u0300_14.08.23-removebg-preview-removebg-preview.png\",\"contentUrl\":\"https:\/\/dstockstore.fr\/wp-content\/uploads\/2022\/02\/cropped-cropped-cropped-Capture_d_e\u0301cran_2022-02-16_a\u0300_14.08.23-removebg-preview-removebg-preview.png\",\"width\":727,\"height\":168,\"caption\":\"Dstockstore\"},\"image\":{\"@id\":\"https:\/\/dstockstore.fr\/#\/schema\/logo\/image\/\"}}]}<\/script>\n<!-- \/ Yoast SEO plugin. -->","yoast_head_json":{"title":"Siege avant Clio 4 gt line - Dstockstore","description":"Le kit de si\u00e8ge avant clio 4 est compos\u00e9 d'un si\u00e8ge droit et d'un si\u00e8ge gauche avec appuie t\u00eate. Profit\u00e9 de notre livraison offerte.","robots":{"index":"index","follow":"follow","max-snippet":"max-snippet:-1","max-image-preview":"max-image-preview:large","max-video-preview":"max-video-preview:-1"},"canonical":"https:\/\/dstockstore.fr\/?product=siege-avant-clio-4-gt-line","og_locale":"fr_FR","og_type":"article","og_title":"Siege avant Clio 4 gt line - Dstockstore","og_description":"Le kit de si\u00e8ge avant clio 4 est compos\u00e9 d'un si\u00e8ge droit et d'un si\u00e8ge gauche avec appuie t\u00eate. Profit\u00e9 de notre livraison offerte.","og_url":"https:\/\/dstockstore.fr\/?product=siege-avant-clio-4-gt-line","og_site_name":"Dstockstore","article_modified_time":"2024-05-14T06:46:54+00:00","og_image":[{"width":1440,"height":1920,"url":"https:\/\/dstockstore.fr\/wp-content\/uploads\/2022\/03\/WhatsApp-Image-2022-03-01-at-22.23.571.jpeg","type":"image\/jpeg"}],"twitter_card":"summary_large_image","schema":{"@context":"https:\/\/schema.org","@graph":[{"@type":"WebPage","@id":"https:\/\/dstockstore.fr\/?product=siege-avant-clio-4-gt-line","url":"https:\/\/dstockstore.fr\/?product=siege-avant-clio-4-gt-line","name":"Siege avant Clio 4 gt line - Dstockstore","isPartOf":{"@id":"https:\/\/dstockstore.fr\/#website"},"datePublished":"2022-03-02T14:46:36+00:00","dateModified":"2024-05-14T06:46:54+00:00","description":"Le kit de si\u00e8ge avant clio 4 est compos\u00e9 d'un si\u00e8ge droit et d'un si\u00e8ge gauche avec appuie t\u00eate. Profit\u00e9 de notre livraison offerte.","breadcrumb":{"@id":"https:\/\/dstockstore.fr\/?product=siege-avant-clio-4-gt-line#breadcrumb"},"inLanguage":"fr-FR","potentialAction":[{"@type":"ReadAction","target":["https:\/\/dstockstore.fr\/?product=siege-avant-clio-4-gt-line"]}]},{"@type":"BreadcrumbList","@id":"https:\/\/dstockstore.fr\/?product=siege-avant-clio-4-gt-line#breadcrumb","itemListElement":[{"@type":"ListItem","position":1,"name":"Home","item":"https:\/\/dstockstore.fr\/"},{"@type":"ListItem","position":2,"name":"Contact Us","item":"https:\/\/dstockstore.fr\/?p=11"},{"@type":"ListItem","position":3,"name":"Siege avant Clio 4 gt line"}]},{"@type":"WebSite","@id":"https:\/\/dstockstore.fr\/#website","url":"https:\/\/dstockstore.fr\/","name":"Dstockstore","description":"","publisher":{"@id":"https:\/\/dstockstore.fr\/#organization"},"potentialAction":[{"@type":"SearchAction","target":{"@type":"EntryPoint","urlTemplate":"https:\/\/dstockstore.fr\/?s={search_term_string}"},"query-input":"required name=search_term_string"}],"inLanguage":"fr-FR"},{"@type":"Organization","@id":"https:\/\/dstockstore.fr\/#organization","name":"Dstockstore","url":"https:\/\/dstockstore.fr\/","logo":{"@type":"ImageObject","inLanguage":"fr-FR","@id":"https:\/\/dstockstore.fr\/#\/schema\/logo\/image\/","url":"https:\/\/dstockstore.fr\/wp-content\/uploads\/2022\/02\/cropped-cropped-cropped-Capture_d_e\u0301cran_2022-02-16_a\u0300_14.08.23-removebg-preview-removebg-preview.png","contentUrl":"https:\/\/dstockstore.fr\/wp-content\/uploads\/2022\/02\/cropped-cropped-cropped-Capture_d_e\u0301cran_2022-02-16_a\u0300_14.08.23-removebg-preview-removebg-preview.png","width":727,"height":168,"caption":"Dstockstore"},"image":{"@id":"https:\/\/dstockstore.fr\/#\/schema\/logo\/image\/"}}]}},"_links":{"self":[{"href":"https:\/\/dstockstore.fr\/index.php?rest_route=\/wp\/v2\/product\/755"}],"collection":[{"href":"https:\/\/dstockstore.fr\/index.php?rest_route=\/wp\/v2\/product"}],"about":[{"href":"https:\/\/dstockstore.fr\/index.php?rest_route=\/wp\/v2\/types\/product"}],"replies":[{"embeddable":true,"href":"https:\/\/dstockstore.fr\/index.php?rest_route=%2Fwp%2Fv2%2Fcomments&post=755"}],"version-history":[{"count":1,"href":"https:\/\/dstockstore.fr\/index.php?rest_route=\/wp\/v2\/product\/755\/revisions"}],"predecessor-version":[{"id":2370,"href":"https:\/\/dstockstore.fr\/index.php?rest_route=\/wp\/v2\/product\/755\/revisions\/2370"}],"wp:featuredmedia":[{"embeddable":true,"href":"https:\/\/dstockstore.fr\/index.php?rest_route=\/wp\/v2\/media\/759"}],"wp:attachment":[{"href":"https:\/\/dstockstore.fr\/index.php?rest_route=%2Fwp%2Fv2%2Fmedia&parent=755"}],"wp:term":[{"taxonomy":"product_cat","embeddable":true,"href":"https:\/\/dstockstore.fr\/index.php?rest_route=%2Fwp%2Fv2%2Fproduct_cat&post=755"},{"taxonomy":"product_tag","embeddable":true,"href":"https:\/\/dstockstore.fr\/index.php?rest_route=%2Fwp%2Fv2%2Fproduct_tag&post=755"}],"curies":[{"name":"wp","href":"https:\/\/api.w.org\/{rel}","templated":true}]}}