{"id":1160,"date":"2022-06-05T14:45:52","date_gmt":"2022-06-05T14:45:52","guid":{"rendered":"https:\/\/dstockstore.fr\/?post_type=product&#038;p=1160"},"modified":"2025-05-30T22:47:35","modified_gmt":"2025-05-30T22:47:35","slug":"embrayage-valeo-neuf-master-opel-nissan-vauxhall-code-moteur-s9w702","status":"publish","type":"product","link":"https:\/\/dstockstore.fr\/?product=embrayage-valeo-neuf-master-opel-nissan-vauxhall-code-moteur-s9w702","title":{"rendered":"Embrayage valeo neuf master opel nissan vauxhall code moteur s9w702"},"content":{"rendered":"<p>VALEO KIT2P Kit d&#8217;embrayage avec m\u00e9canisme d&#8217;embrayage, avec disque d&#8217;embrayage, sans but\u00e9e de d\u00e9brayage<\/p>\n<p>Gamme de produits: KIT2P Diam\u00e8tre [mm]: 242 Nombre de dents: 21 avec disque d&#8217;embrayage, sans but\u00e9e de d\u00e9brayage<\/p>\n<p>Pi\u00e8ce neuve Fixation de colonne de direction: 24,2 x 21,42<\/p>\n<p>L&rsquo;\u00e9tat : Neuf<\/p>\n<p>Compatibilit\u00e9 :<\/p>\n<p>NISSAN Interstar Bus (X70) (Ann\u00e9e de construction 04.2002 &#8211; &#8230;, 82 &#8211; 145 CH, Diesel) 2.5 dCi 100, 120, 150, 1.9 dCi 80, 2.2 dCI 90 ( 2002-2006) NISSAN Interstar Van (X70) 2002-2007 2.5 dCi 100, 120, 140, 150, 1.9 dCi 80, 2.2 dCI 90 NISSAN Primastar Bus (X83) 2006 2.0 dCi 120, 90 2.5 dCi 150 NISSAN Primastar Van (X83) 2006 2.0 dCi 120, 2.0 dCi 90, 2.5 dCi 150 NISSAN Interstar \u0421amion \u00e0 Plateau\/\u0421h\u00e2ssis (2003-2006) 2.5 dCi 100, 120, 2.5 dCi 120, 3.0 dCi 140 2.5 dCi 150 NISSAN Primastar \u0421amion \u00e0 Plateau \/ \u0421h\u00e2ssis (X83) (Ann\u00e9e de construction 04.2006 &#8211; &#8230;, 146 CH, Diesel) 2.5 dCi 150, Ann\u00e9e de construction 04.2006 &#8211; &#8230;, 2464 ccm, 146 CH OPEL Movano A Van (X70) (1999-2003) 2.2 DTI (FD) 2.5 CDTI (FD) 2.5 CDTI (FD) 2.5 DTi (FD) 2.5 DTI (FD) 2.8 DTI (FD) 3.0 DTI (FD) OPEL Movano A \u0421amion \u00e0 Plateau \/ \u0421h\u00e2ssis (X70) (1998 &#8211; 2006.) 2.2 DTI (ED, HD, UD0, UD4) 2.5 CDTI (ED, HD, UD0, UD4) 2.5 CDTI (ED, HD, UD0, UD4) 2.5 CDTI (ED, HD, UD0, UD4) 146 CH 2.5 DTi OPEL Movano A Minibus (X70) (Ann\u00e9e de construction 07.1998 &#8211; 2007) 2.2 DTI (JD),90 CH 2.5 CDTI (JD) 101 CH 2.5 CDTI (JD) 120 CH 2.5 CDTI (JD) 146 CH 2.5 DTI (JD) 115 CH 2.8 DTI (JD) 114 CH 3.0 DTi (JD) 136 CH OPEL Vivaro A Van (X83) (Ann\u00e9e de construction 08.2006 ) 2.0 CDTI (F7), 90 CH 2.0 CDTI (F7) 114 CH 2.5 CDTI (F7) 146 CH OPEL Vivaro A Combi (X83) (Ann\u00e9e de construction 08.2006 ) 2.0 CDTI (F7, J7, A07) 90 CH 2.0 CDTI (F7, J7, A07) 114 CH 2.5 CDTI (F7, J7, A07) 146 CH OPEL Vivaro A \u0421amion \u00e0 Plateau \/ \u0421h\u00e2ssis (X83) (Ann\u00e9e de construction 01.2006) 2.0 CDTI 90 Cv 2.0 CDTI 114 CH 2.5 CDTI 146 CH RENAULT Master II Van (1998-2006 90-146 CH, Diesel) RENAULT Master II \u0421amion \u00e0 Plateau\/\u0421h\u00e2ssis RENAULT Trafic II Bus (JL) (Ann\u00e9e de construction 08.2006 &#8211; &#8230;, 90 &#8211; 146 CH, Diesel) RENAULT Trafic II Van (FL) (Ann\u00e9e de construction 08.2006 &#8211; &#8230;, 90 &#8211; 146 CH, Diesel) RENAULT Trafic II \u0421amion \u00e0 Plateau\/\u0421h\u00e2ssis (EL) (Ann\u00e9e de construction 08.2006 &#8211; &#8230;, 90 &#8211; 146 CH, Diesel) 2.2 dCI 90, 2.5 dCi 101 CH, 2.5 dCi, 115 CH, 2.5 dCi 120 CH, 2.5 dCi 146 CH, 2.5 dCi 100 99 CH 2.5 dCi 120 115 CH 2.8 dTI 114 CH 3.0 dCi 140 136 CH<\/p>\n","protected":false},"excerpt":{"rendered":"<p>VALEO KIT2P Kit d&#8217;embrayage avec m\u00e9canisme d&#8217;embrayage, avec disque d&#8217;embrayage, sans but\u00e9e de d\u00e9brayage<\/p>\n<p>Gamme de produits: KIT2P Diam\u00e8tre [mm]: 242 Nombre de dents: 21 avec disque d&#8217;embrayage, sans but\u00e9e de d\u00e9brayage<\/p>\n<p>Pi\u00e8ce neuve Fixation de colonne de direction: 24,2 x 21,42<\/p>\n<p>L&rsquo;\u00e9tat : Neuf<\/p>\n","protected":false},"featured_media":1161,"comment_status":"open","ping_status":"closed","template":"","meta":{"_kad_post_transparent":"default","_kad_post_title":"","_kad_post_layout":"default","_kad_post_sidebar_id":"","_kad_post_content_style":"default","_kad_post_vertical_padding":"default","_kad_post_feature":"","_kad_post_feature_position":"","_kad_post_header":false,"_kad_post_footer":false},"product_cat":[130,134,133,132,135],"product_tag":[],"yoast_head":"<!-- This site is optimized with the Yoast SEO plugin v19.10 - https:\/\/yoast.com\/wordpress\/plugins\/seo\/ -->\n<title>Embrayage valeo neuf master opel nissan vauxhall code moteur s9w702 - Dstockstore<\/title>\n<meta name=\"robots\" content=\"index, follow, max-snippet:-1, max-image-preview:large, max-video-preview:-1\" \/>\n<link rel=\"canonical\" href=\"https:\/\/dstockstore.fr\/?product=embrayage-valeo-neuf-master-opel-nissan-vauxhall-code-moteur-s9w702\" \/>\n<meta property=\"og:locale\" content=\"fr_FR\" \/>\n<meta property=\"og:type\" content=\"article\" \/>\n<meta property=\"og:title\" content=\"Embrayage valeo neuf master opel nissan vauxhall code moteur s9w702 - Dstockstore\" \/>\n<meta property=\"og:description\" content=\"VALEO KIT2P Kit d&#039;embrayage avec m\u00e9canisme d&#039;embrayage, avec disque d&#039;embrayage, sans but\u00e9e de d\u00e9brayage  Gamme de produits: KIT2P Diam\u00e8tre [mm]: 242 Nombre de dents: 21 avec disque d&#039;embrayage, sans but\u00e9e de d\u00e9brayage  Pi\u00e8ce neuve Fixation de colonne de direction: 24,2 x 21,42  L&#039;\u00e9tat : Neuf\" \/>\n<meta property=\"og:url\" content=\"https:\/\/dstockstore.fr\/?product=embrayage-valeo-neuf-master-opel-nissan-vauxhall-code-moteur-s9w702\" \/>\n<meta property=\"og:site_name\" content=\"Dstockstore\" \/>\n<meta property=\"article:modified_time\" content=\"2025-05-30T22:47:35+00:00\" \/>\n<meta property=\"og:image\" content=\"https:\/\/dstockstore.fr\/wp-content\/uploads\/2022\/06\/2e1ff779-5364-4e9a-af02-b1c768737b3e.jpeg\" \/>\n\t<meta property=\"og:image:width\" content=\"1600\" \/>\n\t<meta property=\"og:image:height\" content=\"1200\" \/>\n\t<meta property=\"og:image:type\" content=\"image\/jpeg\" \/>\n<meta name=\"twitter:card\" content=\"summary_large_image\" \/>\n<meta name=\"twitter:label1\" content=\"Dur\u00e9e de lecture estim\u00e9e\" \/>\n\t<meta name=\"twitter:data1\" content=\"3 minutes\" \/>\n<script type=\"application\/ld+json\" class=\"yoast-schema-graph\">{\"@context\":\"https:\/\/schema.org\",\"@graph\":[{\"@type\":\"WebPage\",\"@id\":\"https:\/\/dstockstore.fr\/?product=embrayage-valeo-neuf-master-opel-nissan-vauxhall-code-moteur-s9w702\",\"url\":\"https:\/\/dstockstore.fr\/?product=embrayage-valeo-neuf-master-opel-nissan-vauxhall-code-moteur-s9w702\",\"name\":\"Embrayage valeo neuf master opel nissan vauxhall code moteur s9w702 - Dstockstore\",\"isPartOf\":{\"@id\":\"https:\/\/dstockstore.fr\/#website\"},\"datePublished\":\"2022-06-05T14:45:52+00:00\",\"dateModified\":\"2025-05-30T22:47:35+00:00\",\"breadcrumb\":{\"@id\":\"https:\/\/dstockstore.fr\/?product=embrayage-valeo-neuf-master-opel-nissan-vauxhall-code-moteur-s9w702#breadcrumb\"},\"inLanguage\":\"fr-FR\",\"potentialAction\":[{\"@type\":\"ReadAction\",\"target\":[\"https:\/\/dstockstore.fr\/?product=embrayage-valeo-neuf-master-opel-nissan-vauxhall-code-moteur-s9w702\"]}]},{\"@type\":\"BreadcrumbList\",\"@id\":\"https:\/\/dstockstore.fr\/?product=embrayage-valeo-neuf-master-opel-nissan-vauxhall-code-moteur-s9w702#breadcrumb\",\"itemListElement\":[{\"@type\":\"ListItem\",\"position\":1,\"name\":\"Home\",\"item\":\"https:\/\/dstockstore.fr\/\"},{\"@type\":\"ListItem\",\"position\":2,\"name\":\"Contact Us\",\"item\":\"https:\/\/dstockstore.fr\/?p=11\"},{\"@type\":\"ListItem\",\"position\":3,\"name\":\"Embrayage valeo neuf master opel nissan vauxhall code moteur s9w702\"}]},{\"@type\":\"WebSite\",\"@id\":\"https:\/\/dstockstore.fr\/#website\",\"url\":\"https:\/\/dstockstore.fr\/\",\"name\":\"Dstockstore\",\"description\":\"\",\"publisher\":{\"@id\":\"https:\/\/dstockstore.fr\/#organization\"},\"potentialAction\":[{\"@type\":\"SearchAction\",\"target\":{\"@type\":\"EntryPoint\",\"urlTemplate\":\"https:\/\/dstockstore.fr\/?s={search_term_string}\"},\"query-input\":\"required name=search_term_string\"}],\"inLanguage\":\"fr-FR\"},{\"@type\":\"Organization\",\"@id\":\"https:\/\/dstockstore.fr\/#organization\",\"name\":\"Dstockstore\",\"url\":\"https:\/\/dstockstore.fr\/\",\"logo\":{\"@type\":\"ImageObject\",\"inLanguage\":\"fr-FR\",\"@id\":\"https:\/\/dstockstore.fr\/#\/schema\/logo\/image\/\",\"url\":\"https:\/\/dstockstore.fr\/wp-content\/uploads\/2022\/02\/cropped-cropped-cropped-Capture_d_e\u0301cran_2022-02-16_a\u0300_14.08.23-removebg-preview-removebg-preview.png\",\"contentUrl\":\"https:\/\/dstockstore.fr\/wp-content\/uploads\/2022\/02\/cropped-cropped-cropped-Capture_d_e\u0301cran_2022-02-16_a\u0300_14.08.23-removebg-preview-removebg-preview.png\",\"width\":727,\"height\":168,\"caption\":\"Dstockstore\"},\"image\":{\"@id\":\"https:\/\/dstockstore.fr\/#\/schema\/logo\/image\/\"}}]}<\/script>\n<!-- \/ Yoast SEO plugin. -->","yoast_head_json":{"title":"Embrayage valeo neuf master opel nissan vauxhall code moteur s9w702 - Dstockstore","robots":{"index":"index","follow":"follow","max-snippet":"max-snippet:-1","max-image-preview":"max-image-preview:large","max-video-preview":"max-video-preview:-1"},"canonical":"https:\/\/dstockstore.fr\/?product=embrayage-valeo-neuf-master-opel-nissan-vauxhall-code-moteur-s9w702","og_locale":"fr_FR","og_type":"article","og_title":"Embrayage valeo neuf master opel nissan vauxhall code moteur s9w702 - Dstockstore","og_description":"VALEO KIT2P Kit d'embrayage avec m\u00e9canisme d'embrayage, avec disque d'embrayage, sans but\u00e9e de d\u00e9brayage  Gamme de produits: KIT2P Diam\u00e8tre [mm]: 242 Nombre de dents: 21 avec disque d'embrayage, sans but\u00e9e de d\u00e9brayage  Pi\u00e8ce neuve Fixation de colonne de direction: 24,2 x 21,42  L'\u00e9tat : Neuf","og_url":"https:\/\/dstockstore.fr\/?product=embrayage-valeo-neuf-master-opel-nissan-vauxhall-code-moteur-s9w702","og_site_name":"Dstockstore","article_modified_time":"2025-05-30T22:47:35+00:00","og_image":[{"width":1600,"height":1200,"url":"https:\/\/dstockstore.fr\/wp-content\/uploads\/2022\/06\/2e1ff779-5364-4e9a-af02-b1c768737b3e.jpeg","type":"image\/jpeg"}],"twitter_card":"summary_large_image","twitter_misc":{"Dur\u00e9e de lecture estim\u00e9e":"3 minutes"},"schema":{"@context":"https:\/\/schema.org","@graph":[{"@type":"WebPage","@id":"https:\/\/dstockstore.fr\/?product=embrayage-valeo-neuf-master-opel-nissan-vauxhall-code-moteur-s9w702","url":"https:\/\/dstockstore.fr\/?product=embrayage-valeo-neuf-master-opel-nissan-vauxhall-code-moteur-s9w702","name":"Embrayage valeo neuf master opel nissan vauxhall code moteur s9w702 - Dstockstore","isPartOf":{"@id":"https:\/\/dstockstore.fr\/#website"},"datePublished":"2022-06-05T14:45:52+00:00","dateModified":"2025-05-30T22:47:35+00:00","breadcrumb":{"@id":"https:\/\/dstockstore.fr\/?product=embrayage-valeo-neuf-master-opel-nissan-vauxhall-code-moteur-s9w702#breadcrumb"},"inLanguage":"fr-FR","potentialAction":[{"@type":"ReadAction","target":["https:\/\/dstockstore.fr\/?product=embrayage-valeo-neuf-master-opel-nissan-vauxhall-code-moteur-s9w702"]}]},{"@type":"BreadcrumbList","@id":"https:\/\/dstockstore.fr\/?product=embrayage-valeo-neuf-master-opel-nissan-vauxhall-code-moteur-s9w702#breadcrumb","itemListElement":[{"@type":"ListItem","position":1,"name":"Home","item":"https:\/\/dstockstore.fr\/"},{"@type":"ListItem","position":2,"name":"Contact Us","item":"https:\/\/dstockstore.fr\/?p=11"},{"@type":"ListItem","position":3,"name":"Embrayage valeo neuf master opel nissan vauxhall code moteur s9w702"}]},{"@type":"WebSite","@id":"https:\/\/dstockstore.fr\/#website","url":"https:\/\/dstockstore.fr\/","name":"Dstockstore","description":"","publisher":{"@id":"https:\/\/dstockstore.fr\/#organization"},"potentialAction":[{"@type":"SearchAction","target":{"@type":"EntryPoint","urlTemplate":"https:\/\/dstockstore.fr\/?s={search_term_string}"},"query-input":"required name=search_term_string"}],"inLanguage":"fr-FR"},{"@type":"Organization","@id":"https:\/\/dstockstore.fr\/#organization","name":"Dstockstore","url":"https:\/\/dstockstore.fr\/","logo":{"@type":"ImageObject","inLanguage":"fr-FR","@id":"https:\/\/dstockstore.fr\/#\/schema\/logo\/image\/","url":"https:\/\/dstockstore.fr\/wp-content\/uploads\/2022\/02\/cropped-cropped-cropped-Capture_d_e\u0301cran_2022-02-16_a\u0300_14.08.23-removebg-preview-removebg-preview.png","contentUrl":"https:\/\/dstockstore.fr\/wp-content\/uploads\/2022\/02\/cropped-cropped-cropped-Capture_d_e\u0301cran_2022-02-16_a\u0300_14.08.23-removebg-preview-removebg-preview.png","width":727,"height":168,"caption":"Dstockstore"},"image":{"@id":"https:\/\/dstockstore.fr\/#\/schema\/logo\/image\/"}}]}},"_links":{"self":[{"href":"https:\/\/dstockstore.fr\/index.php?rest_route=\/wp\/v2\/product\/1160"}],"collection":[{"href":"https:\/\/dstockstore.fr\/index.php?rest_route=\/wp\/v2\/product"}],"about":[{"href":"https:\/\/dstockstore.fr\/index.php?rest_route=\/wp\/v2\/types\/product"}],"replies":[{"embeddable":true,"href":"https:\/\/dstockstore.fr\/index.php?rest_route=%2Fwp%2Fv2%2Fcomments&post=1160"}],"version-history":[{"count":1,"href":"https:\/\/dstockstore.fr\/index.php?rest_route=\/wp\/v2\/product\/1160\/revisions"}],"predecessor-version":[{"id":2331,"href":"https:\/\/dstockstore.fr\/index.php?rest_route=\/wp\/v2\/product\/1160\/revisions\/2331"}],"wp:featuredmedia":[{"embeddable":true,"href":"https:\/\/dstockstore.fr\/index.php?rest_route=\/wp\/v2\/media\/1161"}],"wp:attachment":[{"href":"https:\/\/dstockstore.fr\/index.php?rest_route=%2Fwp%2Fv2%2Fmedia&parent=1160"}],"wp:term":[{"taxonomy":"product_cat","embeddable":true,"href":"https:\/\/dstockstore.fr\/index.php?rest_route=%2Fwp%2Fv2%2Fproduct_cat&post=1160"},{"taxonomy":"product_tag","embeddable":true,"href":"https:\/\/dstockstore.fr\/index.php?rest_route=%2Fwp%2Fv2%2Fproduct_tag&post=1160"}],"curies":[{"name":"wp","href":"https:\/\/api.w.org\/{rel}","templated":true}]}}