{"id":1111,"date":"2022-11-02T14:18:14","date_gmt":"2022-11-02T14:18:14","guid":{"rendered":"https:\/\/dstockstore.fr\/?post_type=product&#038;p=1111"},"modified":"2023-07-27T07:56:38","modified_gmt":"2023-07-27T07:56:38","slug":"banquette-arriere-trafic-3-dstockstore","status":"publish","type":"product","link":"https:\/\/dstockstore.fr\/?product=banquette-arriere-trafic-3-dstockstore","title":{"rendered":"Banquette arriere trafic 3"},"content":{"rendered":"<header>\n<header>\n<p class=\"-HQxY _38n__ _2QVPN _3zIi4 _2-a8M _1JYGK _35DXM\" data-qa-id=\"adview_title\">Votre Kit banquette arri\u00e8re Trafic 3 neuf + cloison au meilleur prix avec <a href=\"https:\/\/dstockstore.fr\/\">DstockStore<\/a> \u2713 1795 euros pi\u00e8ce avec livraison offerte \u00e0 domicile.<\/p>\n<p data-qa-id=\"adview_title\">\u00c0 la recherche de pi\u00e8ces d\u00e9tach\u00e9es et vous poss\u00e9dez un TRAFIC 3 ?<\/p>\n<\/header>\n<\/header>\n<header>\n<header>\n<div class=\"attributs_1\">\n<div><\/div>\n<div class=\"attributs_1\">Dans ce descriptif nous allons aborder les questions suivants :<\/div>\n<div><\/div>\n<div class=\"attributs_1\">\u2013 Comment bien choisir sa banquette Renault Trafic 3 ?<\/div>\n<div>\u2013 Kit Trafic 3 neuf avec cloison? Banquette arri\u00e8re <a href=\"https:\/\/www.renault.fr\/?ORIGIN=F6liens-commerciaux&amp;searchintent=&amp;CAMPAIGN=fr-fr-r-l-def-brand-all_products-na-go-classic-marque_renault_go_def_exact&amp;utm_campaign=fr-fr-r-l-def-brand-all_products-na-go-classic-marque_renault_go_def_exact&amp;utm_medium=cpc&amp;utm_source=google&amp;utm_content=generic-na-brand-ao-exact-contextual-def_renault-renault&amp;utm_term=renault&amp;gclsrc=aw.ds&amp;&amp;gclid=Cj0KCQjwlK-WBhDjARIsAO2sErRDgglYEnB2VcKyP1-R2Q24N-UYyT51kGLCieUrT_4Y4i8rvl02_qEaAp-QEALw_wcB\">Renault<\/a> Trafic 3?<\/div>\n<\/div>\n<\/header>\n<\/header>\n<div><\/div>\n<header>\n<header>\n<div class=\"attributs_1\">\n<div>Vous venez d\u2019acqu\u00e9rir un Renault trafic 3 places vitr\u00e9 ou <a href=\"https:\/\/www.largus.fr\/forum-auto\/panne-auto-mecanique-et-entretien\/renault\/clio\/homologation-5-places-pour-voiture-derive-vp\/40042-1118.html\">d\u00e9riv\u00e9 vp<\/a>\u00a0au ventes aux\u00a0<a href=\"https:\/\/www.alcopa-auction.fr\/\">ench\u00e8res<\/a> . Passez ce stade vous avez le projet de passer votre Renault Trafic en\u00a0<strong><a href=\"https:\/\/www.ebay.fr\/itm\/313915883818\">6 places<\/a><\/strong>.<\/div>\n<\/div>\n<\/header>\n<div>D\u00e9couvrez notre\u00a0<strong>article<\/strong>\u00a0et retrouvez nos conseils afin de mener \u00e0 bien votre projet de transformation.<\/div>\n<\/header>\n<div class=\"product-reference small\"><\/div>\n<div>Chez\u00a0<a href=\"https:\/\/dstockstore.fr\/\">DstockStore<\/a>\u00a0nous vous proposons essentiellement des produits neufs de qualit\u00e9.<\/div>\n<h2>La banquette arri\u00e8re Renault Trafic 3\u00a0 :<\/h2>\n<div><\/div>\n<div>\u2013 1 assise<\/div>\n<div>\u2013 1 dossier 2\/3,1\/3<\/div>\n<div>\u2013 3 appuis t\u00eates<\/div>\n<div>\u2013 3 ceintures<\/div>\n<div>&#8211; 1 cloison<\/div>\n<div><\/div>\n<div>La banquette arri\u00e8re Trafic 3 se compose des \u00e9l\u00e9ments suivants : l\u2019assise est vendue neuve et emball\u00e9e.<\/div>\n<div>Le dossier lui se compose d\u2019une partie 1\/3 avec 1 appui t\u00eate r\u00e9glable et amovible, de plus une autre partie 2\/3 avec 2 appui t\u00eates r\u00e9glables et amovibles.<\/div>\n<div class=\"product-reference small\">Le tissus est de couleur noir pour l\u2019ensemble de la banquette.<\/div>\n<div>Les 3 ceintures avec boucles y sont comprises, ainsi qu&rsquo;une cloison.<\/div>\n<div><\/div>\n<div class=\"product-reference small\">Nous vous garantissons un produit neuf d\u2019origine Renault.<\/div>\n<div class=\"product-reference small\">Le kit compose de l\u2019assise et du dossier neuf.<\/div>\n<div class=\"product-reference small\">Suite \u00e0 votre achat nous vous mettons en relation avec un professionnel de votre r\u00e9gion agr\u00e9e qui vous suivra pour les proc\u00e9dures.<\/div>\n<div class=\"product-reference small\">Tout nos produits ont une tra\u00e7abilit\u00e9 et nous fournissons une facture a votre nom.<\/div>\n<div class=\"product-reference small\">Nous vendons \u00e0 l\u2019unit\u00e9, pour une commande de plusieurs exemplaire, merci de vous rapprochez de nous via le formulaire de contact.<\/div>\n<div class=\"product-reference small\">Le kit est livrable dans toute la France en 48 h maximum dans la quasi-totalit\u00e9 de l&rsquo;Europe. ( hors weekend)<\/div>\n<div class=\"product-reference small\">LIVRAISON DANS TOUTE LE FRANCE.<\/div>\n","protected":false},"excerpt":{"rendered":"<p>Bonjour,<\/p>\n<p>Mise en vente de ce kit trafic 3 qui comprend :<\/p>\n<p>1 banquette neuve trafic 3<\/p>\n<p>3 ceintures fournies<\/p>\n<p>3 appuies t\u00eates<\/p>\n<p>Une cloison vitr\u00e9e<\/p>\n<p>Ce kit est totalement neuf et d&rsquo;origine Renault.<\/p>\n<p>Vous pouvez transformer votre trafic de 3 a 6 places avec une cloison de s\u00e9paration<\/p>\n<p>Cordialement.<\/p>\n<p>&nbsp;<\/p>\n","protected":false},"featured_media":1113,"comment_status":"closed","ping_status":"closed","template":"","meta":{"_kad_post_transparent":"default","_kad_post_title":"","_kad_post_layout":"default","_kad_post_sidebar_id":"","_kad_post_content_style":"default","_kad_post_vertical_padding":"default","_kad_post_feature":"","_kad_post_feature_position":"","_kad_post_header":false,"_kad_post_footer":false},"product_cat":[106,123,124,108,122],"product_tag":[],"yoast_head":"<!-- This site is optimized with the Yoast SEO plugin v19.10 - https:\/\/yoast.com\/wordpress\/plugins\/seo\/ -->\n<title>Banquette arriere trafic 3 - Dstockstore<\/title>\n<meta name=\"description\" content=\"Banquette arri\u00e8re Trafic 3, neuve vendue avec le kit cloison et ceintures de s\u00e9curit\u00e9. Profiter de notre livraison offerte. DstockStore\" \/>\n<meta name=\"robots\" content=\"index, follow, max-snippet:-1, max-image-preview:large, max-video-preview:-1\" \/>\n<link rel=\"canonical\" href=\"https:\/\/dstockstore.fr\/?product=banquette-arriere-trafic-3-dstockstore\" \/>\n<meta property=\"og:locale\" content=\"fr_FR\" \/>\n<meta property=\"og:type\" content=\"article\" \/>\n<meta property=\"og:title\" content=\"Banquette arriere trafic 3 - Dstockstore\" \/>\n<meta property=\"og:description\" content=\"Banquette arri\u00e8re Trafic 3, neuve vendue avec le kit cloison et ceintures de s\u00e9curit\u00e9. Profiter de notre livraison offerte. DstockStore\" \/>\n<meta property=\"og:url\" content=\"https:\/\/dstockstore.fr\/?product=banquette-arriere-trafic-3-dstockstore\" \/>\n<meta property=\"og:site_name\" content=\"Dstockstore\" \/>\n<meta property=\"article:modified_time\" content=\"2023-07-27T07:56:38+00:00\" \/>\n<meta property=\"og:image\" content=\"https:\/\/dstockstore.fr\/wp-content\/uploads\/2022\/06\/2.png\" \/>\n\t<meta property=\"og:image:width\" content=\"800\" \/>\n\t<meta property=\"og:image:height\" content=\"800\" \/>\n\t<meta property=\"og:image:type\" content=\"image\/png\" \/>\n<meta name=\"twitter:card\" content=\"summary_large_image\" \/>\n<meta name=\"twitter:label1\" content=\"Dur\u00e9e de lecture estim\u00e9e\" \/>\n\t<meta name=\"twitter:data1\" content=\"2 minutes\" \/>\n<script type=\"application\/ld+json\" class=\"yoast-schema-graph\">{\"@context\":\"https:\/\/schema.org\",\"@graph\":[{\"@type\":\"WebPage\",\"@id\":\"https:\/\/dstockstore.fr\/?product=banquette-arriere-trafic-3-dstockstore\",\"url\":\"https:\/\/dstockstore.fr\/?product=banquette-arriere-trafic-3-dstockstore\",\"name\":\"Banquette arriere trafic 3 - Dstockstore\",\"isPartOf\":{\"@id\":\"https:\/\/dstockstore.fr\/#website\"},\"datePublished\":\"2022-11-02T14:18:14+00:00\",\"dateModified\":\"2023-07-27T07:56:38+00:00\",\"description\":\"Banquette arri\u00e8re Trafic 3, neuve vendue avec le kit cloison et ceintures de s\u00e9curit\u00e9. Profiter de notre livraison offerte. DstockStore\",\"breadcrumb\":{\"@id\":\"https:\/\/dstockstore.fr\/?product=banquette-arriere-trafic-3-dstockstore#breadcrumb\"},\"inLanguage\":\"fr-FR\",\"potentialAction\":[{\"@type\":\"ReadAction\",\"target\":[\"https:\/\/dstockstore.fr\/?product=banquette-arriere-trafic-3-dstockstore\"]}]},{\"@type\":\"BreadcrumbList\",\"@id\":\"https:\/\/dstockstore.fr\/?product=banquette-arriere-trafic-3-dstockstore#breadcrumb\",\"itemListElement\":[{\"@type\":\"ListItem\",\"position\":1,\"name\":\"Home\",\"item\":\"https:\/\/dstockstore.fr\/\"},{\"@type\":\"ListItem\",\"position\":2,\"name\":\"Contact Us\",\"item\":\"https:\/\/dstockstore.fr\/?p=11\"},{\"@type\":\"ListItem\",\"position\":3,\"name\":\"Banquette arriere trafic 3\"}]},{\"@type\":\"WebSite\",\"@id\":\"https:\/\/dstockstore.fr\/#website\",\"url\":\"https:\/\/dstockstore.fr\/\",\"name\":\"Dstockstore\",\"description\":\"\",\"publisher\":{\"@id\":\"https:\/\/dstockstore.fr\/#organization\"},\"potentialAction\":[{\"@type\":\"SearchAction\",\"target\":{\"@type\":\"EntryPoint\",\"urlTemplate\":\"https:\/\/dstockstore.fr\/?s={search_term_string}\"},\"query-input\":\"required name=search_term_string\"}],\"inLanguage\":\"fr-FR\"},{\"@type\":\"Organization\",\"@id\":\"https:\/\/dstockstore.fr\/#organization\",\"name\":\"Dstockstore\",\"url\":\"https:\/\/dstockstore.fr\/\",\"logo\":{\"@type\":\"ImageObject\",\"inLanguage\":\"fr-FR\",\"@id\":\"https:\/\/dstockstore.fr\/#\/schema\/logo\/image\/\",\"url\":\"https:\/\/dstockstore.fr\/wp-content\/uploads\/2022\/02\/cropped-cropped-cropped-Capture_d_e\u0301cran_2022-02-16_a\u0300_14.08.23-removebg-preview-removebg-preview.png\",\"contentUrl\":\"https:\/\/dstockstore.fr\/wp-content\/uploads\/2022\/02\/cropped-cropped-cropped-Capture_d_e\u0301cran_2022-02-16_a\u0300_14.08.23-removebg-preview-removebg-preview.png\",\"width\":727,\"height\":168,\"caption\":\"Dstockstore\"},\"image\":{\"@id\":\"https:\/\/dstockstore.fr\/#\/schema\/logo\/image\/\"}}]}<\/script>\n<!-- \/ Yoast SEO plugin. -->","yoast_head_json":{"title":"Banquette arriere trafic 3 - Dstockstore","description":"Banquette arri\u00e8re Trafic 3, neuve vendue avec le kit cloison et ceintures de s\u00e9curit\u00e9. Profiter de notre livraison offerte. DstockStore","robots":{"index":"index","follow":"follow","max-snippet":"max-snippet:-1","max-image-preview":"max-image-preview:large","max-video-preview":"max-video-preview:-1"},"canonical":"https:\/\/dstockstore.fr\/?product=banquette-arriere-trafic-3-dstockstore","og_locale":"fr_FR","og_type":"article","og_title":"Banquette arriere trafic 3 - Dstockstore","og_description":"Banquette arri\u00e8re Trafic 3, neuve vendue avec le kit cloison et ceintures de s\u00e9curit\u00e9. Profiter de notre livraison offerte. DstockStore","og_url":"https:\/\/dstockstore.fr\/?product=banquette-arriere-trafic-3-dstockstore","og_site_name":"Dstockstore","article_modified_time":"2023-07-27T07:56:38+00:00","og_image":[{"width":800,"height":800,"url":"https:\/\/dstockstore.fr\/wp-content\/uploads\/2022\/06\/2.png","type":"image\/png"}],"twitter_card":"summary_large_image","twitter_misc":{"Dur\u00e9e de lecture estim\u00e9e":"2 minutes"},"schema":{"@context":"https:\/\/schema.org","@graph":[{"@type":"WebPage","@id":"https:\/\/dstockstore.fr\/?product=banquette-arriere-trafic-3-dstockstore","url":"https:\/\/dstockstore.fr\/?product=banquette-arriere-trafic-3-dstockstore","name":"Banquette arriere trafic 3 - Dstockstore","isPartOf":{"@id":"https:\/\/dstockstore.fr\/#website"},"datePublished":"2022-11-02T14:18:14+00:00","dateModified":"2023-07-27T07:56:38+00:00","description":"Banquette arri\u00e8re Trafic 3, neuve vendue avec le kit cloison et ceintures de s\u00e9curit\u00e9. Profiter de notre livraison offerte. DstockStore","breadcrumb":{"@id":"https:\/\/dstockstore.fr\/?product=banquette-arriere-trafic-3-dstockstore#breadcrumb"},"inLanguage":"fr-FR","potentialAction":[{"@type":"ReadAction","target":["https:\/\/dstockstore.fr\/?product=banquette-arriere-trafic-3-dstockstore"]}]},{"@type":"BreadcrumbList","@id":"https:\/\/dstockstore.fr\/?product=banquette-arriere-trafic-3-dstockstore#breadcrumb","itemListElement":[{"@type":"ListItem","position":1,"name":"Home","item":"https:\/\/dstockstore.fr\/"},{"@type":"ListItem","position":2,"name":"Contact Us","item":"https:\/\/dstockstore.fr\/?p=11"},{"@type":"ListItem","position":3,"name":"Banquette arriere trafic 3"}]},{"@type":"WebSite","@id":"https:\/\/dstockstore.fr\/#website","url":"https:\/\/dstockstore.fr\/","name":"Dstockstore","description":"","publisher":{"@id":"https:\/\/dstockstore.fr\/#organization"},"potentialAction":[{"@type":"SearchAction","target":{"@type":"EntryPoint","urlTemplate":"https:\/\/dstockstore.fr\/?s={search_term_string}"},"query-input":"required name=search_term_string"}],"inLanguage":"fr-FR"},{"@type":"Organization","@id":"https:\/\/dstockstore.fr\/#organization","name":"Dstockstore","url":"https:\/\/dstockstore.fr\/","logo":{"@type":"ImageObject","inLanguage":"fr-FR","@id":"https:\/\/dstockstore.fr\/#\/schema\/logo\/image\/","url":"https:\/\/dstockstore.fr\/wp-content\/uploads\/2022\/02\/cropped-cropped-cropped-Capture_d_e\u0301cran_2022-02-16_a\u0300_14.08.23-removebg-preview-removebg-preview.png","contentUrl":"https:\/\/dstockstore.fr\/wp-content\/uploads\/2022\/02\/cropped-cropped-cropped-Capture_d_e\u0301cran_2022-02-16_a\u0300_14.08.23-removebg-preview-removebg-preview.png","width":727,"height":168,"caption":"Dstockstore"},"image":{"@id":"https:\/\/dstockstore.fr\/#\/schema\/logo\/image\/"}}]}},"_links":{"self":[{"href":"https:\/\/dstockstore.fr\/index.php?rest_route=\/wp\/v2\/product\/1111"}],"collection":[{"href":"https:\/\/dstockstore.fr\/index.php?rest_route=\/wp\/v2\/product"}],"about":[{"href":"https:\/\/dstockstore.fr\/index.php?rest_route=\/wp\/v2\/types\/product"}],"replies":[{"embeddable":true,"href":"https:\/\/dstockstore.fr\/index.php?rest_route=%2Fwp%2Fv2%2Fcomments&post=1111"}],"version-history":[{"count":4,"href":"https:\/\/dstockstore.fr\/index.php?rest_route=\/wp\/v2\/product\/1111\/revisions"}],"predecessor-version":[{"id":1965,"href":"https:\/\/dstockstore.fr\/index.php?rest_route=\/wp\/v2\/product\/1111\/revisions\/1965"}],"wp:featuredmedia":[{"embeddable":true,"href":"https:\/\/dstockstore.fr\/index.php?rest_route=\/wp\/v2\/media\/1113"}],"wp:attachment":[{"href":"https:\/\/dstockstore.fr\/index.php?rest_route=%2Fwp%2Fv2%2Fmedia&parent=1111"}],"wp:term":[{"taxonomy":"product_cat","embeddable":true,"href":"https:\/\/dstockstore.fr\/index.php?rest_route=%2Fwp%2Fv2%2Fproduct_cat&post=1111"},{"taxonomy":"product_tag","embeddable":true,"href":"https:\/\/dstockstore.fr\/index.php?rest_route=%2Fwp%2Fv2%2Fproduct_tag&post=1111"}],"curies":[{"name":"wp","href":"https:\/\/api.w.org\/{rel}","templated":true}]}}