{"id":325,"date":"2022-02-08T10:26:14","date_gmt":"2022-02-08T10:26:14","guid":{"rendered":"https:\/\/dstockstore.fr\/?page_id=325"},"modified":"2022-11-09T17:26:52","modified_gmt":"2022-11-09T17:26:52","slug":"qui-sommes-nous-n1-de-la-vente-de-banquette-renault","status":"publish","type":"page","link":"https:\/\/dstockstore.fr\/?page_id=325","title":{"rendered":"Qui sommes nous ?"},"content":{"rendered":"<p><a href=\"https:\/\/dstockstore.fr\/\"><br \/>\n<img src=\"https:\/\/dstockstore.fr\/wp-content\/uploads\/2022\/02\/cropped-cropped-Capture_d_e\u0301cran_2022-02-16_a\u0300_14.08.23-removebg-preview-removebg-preview-300x69.png\" sizes=\"(max-width: 300px) 100vw, 300px\" srcset=\"https:\/\/dstockstore.fr\/wp-content\/uploads\/2022\/02\/cropped-cropped-Capture_d_e\u0301cran_2022-02-16_a\u0300_14.08.23-removebg-preview-removebg-preview-300x69.png 300w, https:\/\/dstockstore.fr\/wp-content\/uploads\/2022\/02\/cropped-cropped-Capture_d_e\u0301cran_2022-02-16_a\u0300_14.08.23-removebg-preview-removebg-preview-600x139.png 600w, https:\/\/dstockstore.fr\/wp-content\/uploads\/2022\/02\/cropped-cropped-Capture_d_e\u0301cran_2022-02-16_a\u0300_14.08.23-removebg-preview-removebg-preview.png 727w\" alt=\"\" width=\"300\" height=\"69\" \/><\/a><\/p>\n<h1>FAISONS CONNAISSANCE<\/h1>\n<p>Nous sommes les n\u00b01 de la vente de banquette Renault.<\/p>\n<p>Dstockstore est sp\u00e9cialis\u00e9e dans la revente de pi\u00e8ces d\u2019origines neuves de la marque Renault!<\/p>\n<p>Sp\u00e9cialis\u00e9 dans la collecte et le rachat de pi\u00e8ces d\u2019origines neuves, nous mettons \u00e0 votre disposition une large gamme d\u2019accessoires et de pi\u00e8ces d\u00e9tach\u00e9es neuves RENAULT pour les v\u00e9hicules utilitaires et particuliers:<\/p>\n<ul>\n<li><span class=\"color_13\">banquettes Clio, Kangoo, Megane, enjoliveurs 15 pouces, Cabine approfondie Trafic, plancher Master, Trafic, Kangoo, bo\u00eete \u00e0 vitesse Renault\u2026trouvez l\u2019accessoire qui correspond le mieux aux exigences de votre m\u00e9tier et de vos besoins quotidiens.<\/span><\/li>\n<\/ul>\n<div id=\"pgc-109-2-0\" class=\"panel-grid-cell\" data-weight=\"0.5\">\n<div id=\"panel-109-2-0-0\" class=\"so-panel widget widget_sow-editor panel-first-child panel-last-child\" data-index=\"2\" data-style=\"{&quot;background_image_attachment&quot;:false,&quot;background_display&quot;:&quot;tile&quot;,&quot;kt_animation_duration&quot;:&quot;default&quot;,&quot;kt_animation_delay&quot;:&quot;default&quot;}\">\n<div class=\"so-widget-sow-editor so-widget-sow-editor-base\">\n<h2 class=\"widget-title\">Pourquoi Dstockstore est le n\u00b01 de la vente de banquette Renault?<\/h2>\n<div class=\"siteorigin-widget-tinymce textwidget\">\n<p>Dans une logique \u00e9cologique et de d\u00e9veloppement durable, nous proc\u00e9dons au rachat de grand volume de pi\u00e8ces automobiles , ce qui nous permet de vous proposant des prix attractifs.<\/p>\n<ul>\n<li>Achetez tout en pr\u00e9servant l\u2019environnement !<\/li>\n<li>Nous vous proposons que des pi\u00e8ces neuves d\u2019origines.<\/li>\n<li>D\u00e9couvrez notre large gamme d\u2019accessoires et de pi\u00e8ces d\u00e9tach\u00e9es neuves RENAULT pour les v\u00e9hicules utilitaires et particuliers.<\/li>\n<\/ul>\n<p><strong>\u200b<\/strong><\/p>\n<\/div>\n<\/div>\n<\/div>\n<\/div>\n<div id=\"pgc-109-2-1\" class=\"panel-grid-cell\" data-weight=\"0.5\">\n<div id=\"panel-109-2-1-0\" class=\"so-panel widget widget_sow-editor panel-first-child panel-last-child\" data-index=\"3\" data-style=\"{&quot;background_image_attachment&quot;:false,&quot;background_display&quot;:&quot;tile&quot;,&quot;kt_animation_duration&quot;:&quot;default&quot;,&quot;kt_animation_delay&quot;:&quot;default&quot;}\">\n<div class=\"so-widget-sow-editor so-widget-sow-editor-base\">\n<h3 class=\"widget-title\">Participer \u00e0 un geste durable tout en faisant des \u00e9conomies!<\/h3>\n<div class=\"siteorigin-widget-tinymce textwidget\">\n<ul>\n<li>Favoriser le recyclage des pi\u00e8ces neuves d\u2019origines.<\/li>\n<li>Acheter des pi\u00e8ces neuves d\u2019origines de qualit\u00e9.<\/li>\n<li>Respecter son budget.<\/li>\n<\/ul>\n<\/div>\n<\/div>\n<\/div>\n<\/div>\n<blockquote><p><em>\u201cNotre but premier est de satisfaire rapidement la demande en bo\u00eetes de vitesses, moteurs&#8230; des professionnels et des particuliers, avec la qualit\u00e9 la plus haute et les prix les plus bas.<\/em><\/p>\n<p><span class=\"color_13\">Dstockstore est le meilleur choix de pi\u00e8ces neuves \u00e0 prix imbattables! <\/span><span class=\"color_13\">Notre s\u00e9lection de banquettes Clio, Kangoo, Megane, enjoliveurs 15 pouces, Cabine approfondie Trafic, plancher Master, Trafic, Kangoo, bo\u00eete \u00e0 vitesse Renault &#8230;\u00a0<\/span><span class=\"color_13\">Tout ce que vous cherchez pour votre voiture \/ utilitaire est chez Dstockstore!<\/span><\/p><\/blockquote>\n<p><a href=\"https:\/\/wpmet.com\/plugin\/elementskit\/\"><br \/>\n<img src=\"https:\/\/dstockstore.fr\/wp-content\/uploads\/2022\/02\/cropped-Capture_d_e\u0301cran_2022-02-16_a\u0300_14.08.23-removebg-preview-removebg-preview-300x69.png\" sizes=\"(max-width: 300px) 100vw, 300px\" srcset=\"https:\/\/dstockstore.fr\/wp-content\/uploads\/2022\/02\/cropped-Capture_d_e\u0301cran_2022-02-16_a\u0300_14.08.23-removebg-preview-removebg-preview-300x69.png 300w, https:\/\/dstockstore.fr\/wp-content\/uploads\/2022\/02\/cropped-Capture_d_e\u0301cran_2022-02-16_a\u0300_14.08.23-removebg-preview-removebg-preview-600x139.png 600w, https:\/\/dstockstore.fr\/wp-content\/uploads\/2022\/02\/cropped-Capture_d_e\u0301cran_2022-02-16_a\u0300_14.08.23-removebg-preview-removebg-preview.png 727w\" alt=\"\" width=\"300\" height=\"69\" \/> <\/a><\/p>\n<ul>\n<li style=\"text-align: left;\">dstock.store60@gmail.com<\/li>\n<li style=\"text-align: left;\">T\u00e9l\u00e9phone: +33 (0)7-68-16-81-94<\/li>\n<li style=\"text-align: left;\">60000 Beauvais, France<\/li>\n<\/ul>\n<h2>Navigation rapide<\/h2>\n<ul id=\"menu-dstockstore08-22\">\n<li id=\"menu-item-1826\"><a href=\"https:\/\/dstockstore.fr\/?page_id=616\">Politique de confidentialit\u00e9<\/a><\/li>\n<li id=\"menu-item-1828\"><a href=\"https:\/\/dstockstore.fr\/?page_id=325\">Qui sommes nous ?<\/a><\/li>\n<\/ul>\n<p><img title=\"banniere\" src=\"https:\/\/dstockstore.fr\/wp-content\/uploads\/2022\/02\/banniere.png\" alt=\"banniere\" \/><\/p>\n","protected":false},"excerpt":{"rendered":"<p>FAISONS CONNAISSANCE Nous sommes les n\u00b01 de la vente de banquette Renault. Dstockstore est sp\u00e9cialis\u00e9e dans la revente de pi\u00e8ces d\u2019origines neuves de la marque Renault! Sp\u00e9cialis\u00e9 dans la collecte et le rachat de pi\u00e8ces d\u2019origines neuves, nous mettons \u00e0 votre disposition une large gamme d\u2019accessoires et de pi\u00e8ces d\u00e9tach\u00e9es neuves RENAULT pour les v\u00e9hicules&#8230;<\/p>\n","protected":false},"author":1,"featured_media":1710,"parent":0,"menu_order":0,"comment_status":"closed","ping_status":"closed","template":"","meta":{"_kad_post_transparent":"","_kad_post_title":"hide","_kad_post_layout":"fullwidth","_kad_post_sidebar_id":"","_kad_post_content_style":"unboxed","_kad_post_vertical_padding":"hide","_kad_post_feature":"hide","_kad_post_feature_position":"","_kad_post_header":false,"_kad_post_footer":false},"yoast_head":"<!-- This site is optimized with the Yoast SEO plugin v19.10 - https:\/\/yoast.com\/wordpress\/plugins\/seo\/ -->\n<title>n\u00b01 de la vente de banquette Renault, Dstockstore bien s\u00fbr !<\/title>\n<meta name=\"description\" content=\"Dstockstore : n\u00b01 de la vente de banquette Renault !Nous consacrons toute notre \u00e9nergie \u00e0 proposer \u00e0 nos clients une expertise hors pair.\" \/>\n<meta name=\"robots\" content=\"index, follow, max-snippet:-1, max-image-preview:large, max-video-preview:-1\" \/>\n<link rel=\"canonical\" href=\"https:\/\/dstockstore.fr\/?page_id=325\" \/>\n<meta property=\"og:locale\" content=\"fr_FR\" \/>\n<meta property=\"og:type\" content=\"article\" \/>\n<meta property=\"og:title\" content=\"n\u00b01 de la vente de banquette Renault, Dstockstore bien s\u00fbr !\" \/>\n<meta property=\"og:description\" content=\"Dstockstore : n\u00b01 de la vente de banquette Renault !Nous consacrons toute notre \u00e9nergie \u00e0 proposer \u00e0 nos clients une expertise hors pair.\" \/>\n<meta property=\"og:url\" content=\"https:\/\/dstockstore.fr\/?page_id=325\" \/>\n<meta property=\"og:site_name\" content=\"Dstockstore\" \/>\n<meta property=\"article:modified_time\" content=\"2022-11-09T17:26:52+00:00\" \/>\n<meta property=\"og:image\" content=\"https:\/\/dstockstore.fr\/wp-content\/uploads\/2022\/02\/cropped-cropped-cropped-Capture_d_e\u0301cran_2022-02-16_a\u0300_14.08.23-removebg-preview-removebg-preview.png\" \/>\n\t<meta property=\"og:image:width\" content=\"727\" \/>\n\t<meta property=\"og:image:height\" content=\"168\" \/>\n\t<meta property=\"og:image:type\" content=\"image\/png\" \/>\n<meta name=\"twitter:card\" content=\"summary_large_image\" \/>\n<meta name=\"twitter:label1\" content=\"Dur\u00e9e de lecture estim\u00e9e\" \/>\n\t<meta name=\"twitter:data1\" content=\"3 minutes\" \/>\n<script type=\"application\/ld+json\" class=\"yoast-schema-graph\">{\"@context\":\"https:\/\/schema.org\",\"@graph\":[{\"@type\":\"WebPage\",\"@id\":\"https:\/\/dstockstore.fr\/?page_id=325\",\"url\":\"https:\/\/dstockstore.fr\/?page_id=325\",\"name\":\"n\u00b01 de la vente de banquette Renault, Dstockstore bien s\u00fbr !\",\"isPartOf\":{\"@id\":\"https:\/\/dstockstore.fr\/#website\"},\"datePublished\":\"2022-02-08T10:26:14+00:00\",\"dateModified\":\"2022-11-09T17:26:52+00:00\",\"description\":\"Dstockstore : n\u00b01 de la vente de banquette Renault !Nous consacrons toute notre \u00e9nergie \u00e0 proposer \u00e0 nos clients une expertise hors pair.\",\"breadcrumb\":{\"@id\":\"https:\/\/dstockstore.fr\/?page_id=325#breadcrumb\"},\"inLanguage\":\"fr-FR\",\"potentialAction\":[{\"@type\":\"ReadAction\",\"target\":[\"https:\/\/dstockstore.fr\/?page_id=325\"]}]},{\"@type\":\"BreadcrumbList\",\"@id\":\"https:\/\/dstockstore.fr\/?page_id=325#breadcrumb\",\"itemListElement\":[{\"@type\":\"ListItem\",\"position\":1,\"name\":\"Home\",\"item\":\"https:\/\/dstockstore.fr\/\"},{\"@type\":\"ListItem\",\"position\":2,\"name\":\"Qui sommes nous ?\"}]},{\"@type\":\"WebSite\",\"@id\":\"https:\/\/dstockstore.fr\/#website\",\"url\":\"https:\/\/dstockstore.fr\/\",\"name\":\"Dstockstore\",\"description\":\"\",\"publisher\":{\"@id\":\"https:\/\/dstockstore.fr\/#organization\"},\"potentialAction\":[{\"@type\":\"SearchAction\",\"target\":{\"@type\":\"EntryPoint\",\"urlTemplate\":\"https:\/\/dstockstore.fr\/?s={search_term_string}\"},\"query-input\":\"required name=search_term_string\"}],\"inLanguage\":\"fr-FR\"},{\"@type\":\"Organization\",\"@id\":\"https:\/\/dstockstore.fr\/#organization\",\"name\":\"Dstockstore\",\"url\":\"https:\/\/dstockstore.fr\/\",\"logo\":{\"@type\":\"ImageObject\",\"inLanguage\":\"fr-FR\",\"@id\":\"https:\/\/dstockstore.fr\/#\/schema\/logo\/image\/\",\"url\":\"https:\/\/dstockstore.fr\/wp-content\/uploads\/2022\/02\/cropped-cropped-cropped-Capture_d_e\u0301cran_2022-02-16_a\u0300_14.08.23-removebg-preview-removebg-preview.png\",\"contentUrl\":\"https:\/\/dstockstore.fr\/wp-content\/uploads\/2022\/02\/cropped-cropped-cropped-Capture_d_e\u0301cran_2022-02-16_a\u0300_14.08.23-removebg-preview-removebg-preview.png\",\"width\":727,\"height\":168,\"caption\":\"Dstockstore\"},\"image\":{\"@id\":\"https:\/\/dstockstore.fr\/#\/schema\/logo\/image\/\"}}]}<\/script>\n<!-- \/ Yoast SEO plugin. -->","yoast_head_json":{"title":"n\u00b01 de la vente de banquette Renault, Dstockstore bien s\u00fbr !","description":"Dstockstore : n\u00b01 de la vente de banquette Renault !Nous consacrons toute notre \u00e9nergie \u00e0 proposer \u00e0 nos clients une expertise hors pair.","robots":{"index":"index","follow":"follow","max-snippet":"max-snippet:-1","max-image-preview":"max-image-preview:large","max-video-preview":"max-video-preview:-1"},"canonical":"https:\/\/dstockstore.fr\/?page_id=325","og_locale":"fr_FR","og_type":"article","og_title":"n\u00b01 de la vente de banquette Renault, Dstockstore bien s\u00fbr !","og_description":"Dstockstore : n\u00b01 de la vente de banquette Renault !Nous consacrons toute notre \u00e9nergie \u00e0 proposer \u00e0 nos clients une expertise hors pair.","og_url":"https:\/\/dstockstore.fr\/?page_id=325","og_site_name":"Dstockstore","article_modified_time":"2022-11-09T17:26:52+00:00","og_image":[{"width":727,"height":168,"url":"https:\/\/dstockstore.fr\/wp-content\/uploads\/2022\/02\/cropped-cropped-cropped-Capture_d_e\u0301cran_2022-02-16_a\u0300_14.08.23-removebg-preview-removebg-preview.png","type":"image\/png"}],"twitter_card":"summary_large_image","twitter_misc":{"Dur\u00e9e de lecture estim\u00e9e":"3 minutes"},"schema":{"@context":"https:\/\/schema.org","@graph":[{"@type":"WebPage","@id":"https:\/\/dstockstore.fr\/?page_id=325","url":"https:\/\/dstockstore.fr\/?page_id=325","name":"n\u00b01 de la vente de banquette Renault, Dstockstore bien s\u00fbr !","isPartOf":{"@id":"https:\/\/dstockstore.fr\/#website"},"datePublished":"2022-02-08T10:26:14+00:00","dateModified":"2022-11-09T17:26:52+00:00","description":"Dstockstore : n\u00b01 de la vente de banquette Renault !Nous consacrons toute notre \u00e9nergie \u00e0 proposer \u00e0 nos clients une expertise hors pair.","breadcrumb":{"@id":"https:\/\/dstockstore.fr\/?page_id=325#breadcrumb"},"inLanguage":"fr-FR","potentialAction":[{"@type":"ReadAction","target":["https:\/\/dstockstore.fr\/?page_id=325"]}]},{"@type":"BreadcrumbList","@id":"https:\/\/dstockstore.fr\/?page_id=325#breadcrumb","itemListElement":[{"@type":"ListItem","position":1,"name":"Home","item":"https:\/\/dstockstore.fr\/"},{"@type":"ListItem","position":2,"name":"Qui sommes nous ?"}]},{"@type":"WebSite","@id":"https:\/\/dstockstore.fr\/#website","url":"https:\/\/dstockstore.fr\/","name":"Dstockstore","description":"","publisher":{"@id":"https:\/\/dstockstore.fr\/#organization"},"potentialAction":[{"@type":"SearchAction","target":{"@type":"EntryPoint","urlTemplate":"https:\/\/dstockstore.fr\/?s={search_term_string}"},"query-input":"required name=search_term_string"}],"inLanguage":"fr-FR"},{"@type":"Organization","@id":"https:\/\/dstockstore.fr\/#organization","name":"Dstockstore","url":"https:\/\/dstockstore.fr\/","logo":{"@type":"ImageObject","inLanguage":"fr-FR","@id":"https:\/\/dstockstore.fr\/#\/schema\/logo\/image\/","url":"https:\/\/dstockstore.fr\/wp-content\/uploads\/2022\/02\/cropped-cropped-cropped-Capture_d_e\u0301cran_2022-02-16_a\u0300_14.08.23-removebg-preview-removebg-preview.png","contentUrl":"https:\/\/dstockstore.fr\/wp-content\/uploads\/2022\/02\/cropped-cropped-cropped-Capture_d_e\u0301cran_2022-02-16_a\u0300_14.08.23-removebg-preview-removebg-preview.png","width":727,"height":168,"caption":"Dstockstore"},"image":{"@id":"https:\/\/dstockstore.fr\/#\/schema\/logo\/image\/"}}]}},"_links":{"self":[{"href":"https:\/\/dstockstore.fr\/index.php?rest_route=\/wp\/v2\/pages\/325"}],"collection":[{"href":"https:\/\/dstockstore.fr\/index.php?rest_route=\/wp\/v2\/pages"}],"about":[{"href":"https:\/\/dstockstore.fr\/index.php?rest_route=\/wp\/v2\/types\/page"}],"author":[{"embeddable":true,"href":"https:\/\/dstockstore.fr\/index.php?rest_route=\/wp\/v2\/users\/1"}],"replies":[{"embeddable":true,"href":"https:\/\/dstockstore.fr\/index.php?rest_route=%2Fwp%2Fv2%2Fcomments&post=325"}],"version-history":[{"count":25,"href":"https:\/\/dstockstore.fr\/index.php?rest_route=\/wp\/v2\/pages\/325\/revisions"}],"predecessor-version":[{"id":2088,"href":"https:\/\/dstockstore.fr\/index.php?rest_route=\/wp\/v2\/pages\/325\/revisions\/2088"}],"wp:featuredmedia":[{"embeddable":true,"href":"https:\/\/dstockstore.fr\/index.php?rest_route=\/wp\/v2\/media\/1710"}],"wp:attachment":[{"href":"https:\/\/dstockstore.fr\/index.php?rest_route=%2Fwp%2Fv2%2Fmedia&parent=325"}],"curies":[{"name":"wp","href":"https:\/\/api.w.org\/{rel}","templated":true}]}}